{"id":690,"date":"2016-06-05T17:22:53","date_gmt":"2016-06-05T15:22:53","guid":{"rendered":"http:\/\/localhost\/www\/Zylothemes\/TwentyMinutes\/?page_id=10"},"modified":"2023-12-08T16:14:08","modified_gmt":"2023-12-08T15:14:08","slug":"a-propos","status":"publish","type":"page","link":"https:\/\/www.maude-davyzeller.com\/index.php\/a-propos\/","title":{"rendered":"A propos"},"content":{"rendered":"\t\t<div data-elementor-type=\"wp-page\" data-elementor-id=\"690\" class=\"elementor elementor-690\" data-elementor-post-type=\"page\">\n\t\t\t\t\t\t\t<div class=\"elementor-element elementor-element-1dc200e e-flex e-con-boxed e-con e-parent\" data-id=\"1dc200e\" data-element_type=\"container\" data-settings=\"{&quot;content_width&quot;:&quot;boxed&quot;}\" data-core-v316-plus=\"true\">\n\t\t\t\t\t<div class=\"e-con-inner\">\n\t\t\t\t<div class=\"elementor-element elementor-element-6b1e31d elementor-widget elementor-widget-text-editor\" data-id=\"6b1e31d\" data-element_type=\"widget\" data-widget_type=\"text-editor.default\">\n\t\t\t\t<div class=\"elementor-widget-container\">\n\t\t\t<style>\/*! elementor - v3.17.0 - 01-11-2023 *\/\n.elementor-widget-text-editor.elementor-drop-cap-view-stacked .elementor-drop-cap{background-color:#69727d;color:#fff}.elementor-widget-text-editor.elementor-drop-cap-view-framed .elementor-drop-cap{color:#69727d;border:3px solid;background-color:transparent}.elementor-widget-text-editor:not(.elementor-drop-cap-view-default) .elementor-drop-cap{margin-top:8px}.elementor-widget-text-editor:not(.elementor-drop-cap-view-default) .elementor-drop-cap-letter{width:1em;height:1em}.elementor-widget-text-editor .elementor-drop-cap{float:left;text-align:center;line-height:1;font-size:50px}.elementor-widget-text-editor .elementor-drop-cap-letter{display:inline-block}<\/style>\t\t\t\t<p style=\"text-align: left;\">Qui suis-je ? Que suis-je ? Dans quelle \u00e9tag\u00e8re ?<\/p><p style=\"text-align: left;\">J&rsquo;\u00e9cris pour nous transporter, vous et moi, dans un autre univers, dans un moment suspendu dans le temps qu&rsquo;il fasse rire, pleurer, r\u00e9fl\u00e9chir ou tout \u00e7a \u00e0 la fois.<br \/>Je r\u00e9alise pour transmettre en images les visions de mon esprit et partager avec vous les \u00e9motions qui me transportent quand je raconte une histoire.<\/p><p style=\"text-align: left;\">\u00c0 ce stade de votre lecture, vous vous attendez s\u00fbrement \u00e0 une bonne citation de quelqu&rsquo;un de c\u00e9l\u00e8bre, de pr\u00e9f\u00e9rence un ou une r\u00e9al, ce qui montrerait que j&rsquo;ai bien \u00e9tudi\u00e9 mes ain\u00e9es. Mais franchement, je n&rsquo;en connais aucune par coeur et je n&rsquo;ai pas envie de vous duper. Et puis c&rsquo;est ma section \u00ab\u00a0\u00e0 propos\u00a0\u00bb apr\u00e8s tout, je fais ce que je veux. Ah, mais si ! Pardon, j&rsquo;en ai une. Celle-l\u00e0 est rest\u00e9e grav\u00e9e dans ma m\u00e9moire. C&rsquo;\u00e9tait aux Oscars (ne me demandez pas quelle ann\u00e9e.), Lupita Nyong&rsquo;o gagne pour&#8230;un r\u00f4le&#8230; et elle finit son speech en disant :<br \/>\u00a0\u00bb No matter where you&rsquo;re from, your dreams are valid\u00a0\u00bb.<br \/>wooouf&#8230; frissons, \u00ab\u00a0chills\u00a0\u00bb comme disent les Am\u00e9ricains. Je n&rsquo;avais pas attendu cette phrase pour essayer de \u00ab\u00a0bosser dans le cin\u00e9ma\u00a0\u00bb mais depuis, peu importe les doutes, je me dis que mes r\u00eaves ont le droit d&rsquo;exister. Et \u00e7a&#8230; bah c&rsquo;est d\u00e9j\u00e0 pas mal.<\/p><p style=\"text-align: left;\">Bref, pour revenir sur l'\u00a0\u00bb\u00e0-propos\u00a0\u00bb : J&rsquo;aime le cin\u00e9, j&rsquo;aime l&rsquo;ambiance colonie de vacances des plateaux de tournage, j&rsquo;aime le moment suspendu entre l\u00a0\u00bbaction\u00a0\u00bb et le\u00a0\u00bbcoupez\u00a0\u00bb et le chaos qui pr\u00e9c\u00e8de et suit. Je n&rsquo;aime pas me lever \u00e0 4h du matin, mais si c&rsquo;est pour aider \u00e0 cr\u00e9er une histoire&#8230; Et bien, je mettrais trois r\u00e9veils pour \u00eatre s\u00fbre d&rsquo;\u00eatre \u00e0 l&rsquo;heure. C&rsquo;est comme \u00e7a, c&rsquo;est mon c\u00f4t\u00e9 pro&#8230; On se refait pas.<br \/>Que raconter d&rsquo;autre ? Que je suis disponible pour r\u00e9aliser vos sc\u00e9narios, pour \u00e9crire et\/ou co-\u00e9crire. Pour r\u00e9aliser mes sc\u00e9narios aussi, mais \u00e7a, vous l&rsquo;aviez s\u00fbrement devin\u00e9.<\/p><p style=\"text-align: left;\">Je mets mon CV en dessous pour ceux qui ont eu la flemme de lire jusqu&rsquo;ici (pas de jugement, c&rsquo;est un espace libre) et je donne un bon point +1 \u00e0 ceux qui ont le courage de rester avec moi.<\/p><p style=\"text-align: left;\">Merci.<\/p>\t\t\t\t\t\t<\/div>\n\t\t\t\t<\/div>\n\t\t\t\t\t<\/div>\n\t\t\t\t<\/div>\n\t\t<div class=\"elementor-element elementor-element-5e74ba4 e-flex e-con-boxed e-con e-parent\" data-id=\"5e74ba4\" data-element_type=\"container\" data-settings=\"{&quot;content_width&quot;:&quot;boxed&quot;}\" data-core-v316-plus=\"true\">\n\t\t\t\t\t<div class=\"e-con-inner\">\n\t\t\t\t<div class=\"elementor-element elementor-element-4dd6ae0 elementor-widget elementor-widget-image\" data-id=\"4dd6ae0\" data-element_type=\"widget\" data-widget_type=\"image.default\">\n\t\t\t\t<div class=\"elementor-widget-container\">\n\t\t\t<style>\/*! elementor - v3.17.0 - 01-11-2023 *\/\n.elementor-widget-image{text-align:center}.elementor-widget-image a{display:inline-block}.elementor-widget-image a img[src$=\".svg\"]{width:48px}.elementor-widget-image img{vertical-align:middle;display:inline-block}<\/style>\t\t\t\t\t\t\t\t\t\t\t\t<img fetchpriority=\"high\" decoding=\"async\" width=\"950\" height=\"672\" src=\"https:\/\/www.maude-davyzeller.com\/wp-content\/uploads\/2023\/11\/DavyZeller_Maude_CV-1024x724.jpg\" class=\"attachment-large size-large wp-image-830\" alt=\"\" srcset=\"https:\/\/www.maude-davyzeller.com\/wp-content\/uploads\/2023\/11\/DavyZeller_Maude_CV-1024x724.jpg 1024w, https:\/\/www.maude-davyzeller.com\/wp-content\/uploads\/2023\/11\/DavyZeller_Maude_CV-300x212.jpg 300w, https:\/\/www.maude-davyzeller.com\/wp-content\/uploads\/2023\/11\/DavyZeller_Maude_CV-768x543.jpg 768w, https:\/\/www.maude-davyzeller.com\/wp-content\/uploads\/2023\/11\/DavyZeller_Maude_CV-1536x1086.jpg 1536w, https:\/\/www.maude-davyzeller.com\/wp-content\/uploads\/2023\/11\/DavyZeller_Maude_CV-2048x1448.jpg 2048w, https:\/\/www.maude-davyzeller.com\/wp-content\/uploads\/2023\/11\/DavyZeller_Maude_CV-2000x1414.jpg 2000w\" sizes=\"100vw\" \/>\t\t\t\t\t\t\t\t\t\t\t\t\t\t\t<\/div>\n\t\t\t\t<\/div>\n\t\t\t\t\t<\/div>\n\t\t\t\t<\/div>\n\t\t\t\t\t\t\t<\/div>\n\t\t","protected":false},"excerpt":{"rendered":"<p>Qui suis-je ? Que suis-je ? Dans quelle \u00e9tag\u00e8re ? J&rsquo;\u00e9cris pour nous transporter, vous et moi, dans un autre univers, dans un moment suspendu dans le temps qu&rsquo;il fasse rire, pleurer, r\u00e9fl\u00e9chir ou tout \u00e7a \u00e0 la fois.Je r\u00e9alise pour transmettre en images les visions de mon esprit et partager avec vous les \u00e9motions &hellip; <\/p>\n<p class=\"link-more\"><a href=\"https:\/\/www.maude-davyzeller.com\/index.php\/a-propos\/\" class=\"more-link\">Lire la suite de<span class=\"screen-reader-text\">\u00ab\u00a0A propos\u00a0\u00bb<\/span><\/a><\/p>\n","protected":false},"author":2,"featured_media":0,"parent":0,"menu_order":0,"comment_status":"closed","ping_status":"closed","template":"","meta":{"footnotes":""},"class_list":["post-690","page","type-page","status-publish","hentry"],"_links":{"self":[{"href":"https:\/\/www.maude-davyzeller.com\/index.php\/wp-json\/wp\/v2\/pages\/690","targetHints":{"allow":["GET"]}}],"collection":[{"href":"https:\/\/www.maude-davyzeller.com\/index.php\/wp-json\/wp\/v2\/pages"}],"about":[{"href":"https:\/\/www.maude-davyzeller.com\/index.php\/wp-json\/wp\/v2\/types\/page"}],"author":[{"embeddable":true,"href":"https:\/\/www.maude-davyzeller.com\/index.php\/wp-json\/wp\/v2\/users\/2"}],"replies":[{"embeddable":true,"href":"https:\/\/www.maude-davyzeller.com\/index.php\/wp-json\/wp\/v2\/comments?post=690"}],"version-history":[{"count":22,"href":"https:\/\/www.maude-davyzeller.com\/index.php\/wp-json\/wp\/v2\/pages\/690\/revisions"}],"predecessor-version":[{"id":952,"href":"https:\/\/www.maude-davyzeller.com\/index.php\/wp-json\/wp\/v2\/pages\/690\/revisions\/952"}],"wp:attachment":[{"href":"https:\/\/www.maude-davyzeller.com\/index.php\/wp-json\/wp\/v2\/media?parent=690"}],"curies":[{"name":"wp","href":"https:\/\/api.w.org\/{rel}","templated":true}]}}